{"id":358,"date":"2024-10-16T21:28:40","date_gmt":"2024-10-16T18:28:40","guid":{"rendered":"https:\/\/cevre-yapi.com\/?page_id=358"},"modified":"2025-04-17T15:11:01","modified_gmt":"2025-04-17T12:11:01","slug":"baskanin-yazisi","status":"publish","type":"page","link":"http:\/\/cevre-yapi.com\/tr\/kurumsal\/baskanin-yazisi\/","title":{"rendered":"Ba\u015fkan\u0131n Yaz\u0131s\u0131"},"content":{"rendered":"\t\t<div data-elementor-type=\"wp-page\" data-elementor-id=\"358\" class=\"elementor elementor-358\" data-elementor-post-type=\"page\">\n\t\t\t\t\t\t<section class=\"elementor-section elementor-top-section elementor-element elementor-element-3a290ac elementor-reverse-mobile elementor-section-boxed elementor-section-height-default elementor-section-height-default\" data-id=\"3a290ac\" data-element_type=\"section\" data-settings=\"{&quot;jet_parallax_layout_list&quot;:[]}\">\n\t\t\t\t\t\t<div class=\"elementor-container elementor-column-gap-default\">\n\t\t\t\t\t<div class=\"elementor-column elementor-col-33 elementor-top-column elementor-element elementor-element-52ba77d\" data-id=\"52ba77d\" data-element_type=\"column\">\n\t\t\t<div class=\"elementor-widget-wrap elementor-element-populated\">\n\t\t\t\t\t\t<section class=\"elementor-section elementor-inner-section elementor-element elementor-element-8d766bc elementor-section-boxed elementor-section-height-default elementor-section-height-default\" data-id=\"8d766bc\" data-element_type=\"section\" data-settings=\"{&quot;background_background&quot;:&quot;classic&quot;,&quot;sticky&quot;:&quot;top&quot;,&quot;sticky_on&quot;:[&quot;desktop&quot;,&quot;tablet&quot;],&quot;sticky_offset&quot;:100,&quot;sticky_parent&quot;:&quot;yes&quot;,&quot;jet_parallax_layout_list&quot;:[],&quot;sticky_effects_offset&quot;:0}\">\n\t\t\t\t\t\t<div class=\"elementor-container elementor-column-gap-no\">\n\t\t\t\t\t<div class=\"elementor-column elementor-col-100 elementor-inner-column elementor-element elementor-element-ca86bc2\" data-id=\"ca86bc2\" data-element_type=\"column\">\n\t\t\t<div class=\"elementor-widget-wrap elementor-element-populated\">\n\t\t\t\t\t\t<div class=\"elementor-element elementor-element-5ec3843 elementor-widget elementor-widget-heading\" data-id=\"5ec3843\" data-element_type=\"widget\" data-widget_type=\"heading.default\">\n\t\t\t\t<div class=\"elementor-widget-container\">\n\t\t\t\t\t<h2 class=\"elementor-heading-title elementor-size-default\">KURUMSAL<\/h2>\t\t\t\t<\/div>\n\t\t\t\t<\/div>\n\t\t\t\t<div class=\"elementor-element elementor-element-8d9b763 elementor-nav-menu--dropdown-none elementor-widget elementor-widget-nav-menu\" data-id=\"8d9b763\" data-element_type=\"widget\" data-settings=\"{&quot;layout&quot;:&quot;vertical&quot;,&quot;submenu_icon&quot;:{&quot;value&quot;:&quot;&lt;i class=\\&quot;\\&quot;&gt;&lt;\\\/i&gt;&quot;,&quot;library&quot;:&quot;&quot;}}\" data-widget_type=\"nav-menu.default\">\n\t\t\t\t<div class=\"elementor-widget-container\">\n\t\t\t\t\t\t\t\t<nav aria-label=\"Menu\" class=\"elementor-nav-menu--main elementor-nav-menu__container elementor-nav-menu--layout-vertical e--pointer-background e--animation-sweep-right\">\n\t\t\t\t<ul id=\"menu-1-8d9b763\" class=\"elementor-nav-menu sm-vertical\"><li class=\"menu-item menu-item-type-post_type menu-item-object-page menu-item-389\"><a href=\"http:\/\/cevre-yapi.com\/tr\/kurumsal\/hakkimizda\/\" class=\"elementor-item\">Hakk\u0131m\u0131zda<\/a><\/li>\n<li class=\"menu-item menu-item-type-post_type menu-item-object-page menu-item-388\"><a href=\"http:\/\/cevre-yapi.com\/tr\/kurumsal\/baskanin-yazisi\/\" class=\"elementor-item\">Ba\u015fkan\u0131n Yaz\u0131s\u0131<\/a><\/li>\n<li class=\"menu-item menu-item-type-post_type menu-item-object-page menu-item-391\"><a href=\"http:\/\/cevre-yapi.com\/tr\/kurumsal\/misyon-vizyon\/\" class=\"elementor-item\">Misyon &amp; Vizyon<\/a><\/li>\n<li class=\"menu-item menu-item-type-post_type menu-item-object-page menu-item-392\"><a href=\"http:\/\/cevre-yapi.com\/tr\/kurumsal\/uyeliklerimiz\/\" class=\"elementor-item\">\u00dcyeliklerimiz<\/a><\/li>\n<li class=\"menu-item menu-item-type-post_type menu-item-object-page menu-item-390\"><a href=\"http:\/\/cevre-yapi.com\/tr\/kurumsal\/kalita-politikamiz\/\" class=\"elementor-item\">Kalita Politikam\u0131z<\/a><\/li>\n<li class=\"menu-item menu-item-type-post_type menu-item-object-page menu-item-2253\"><a href=\"http:\/\/cevre-yapi.com\/tr\/ekibimiz\/\" class=\"elementor-item\">Ekibimiz<\/a><\/li>\n<li class=\"menu-item menu-item-type-post_type_archive menu-item-object-is_ilanlari menu-item-2254\"><a href=\"http:\/\/cevre-yapi.com\/tr\/kariyer\/\" class=\"elementor-item\">Kariyer<\/a><\/li>\n<\/ul>\t\t\t<\/nav>\n\t\t\t\t\t\t<nav class=\"elementor-nav-menu--dropdown elementor-nav-menu__container\" aria-hidden=\"true\">\n\t\t\t\t<ul id=\"menu-2-8d9b763\" class=\"elementor-nav-menu sm-vertical\"><li class=\"menu-item menu-item-type-post_type menu-item-object-page menu-item-389\"><a href=\"http:\/\/cevre-yapi.com\/tr\/kurumsal\/hakkimizda\/\" class=\"elementor-item\" tabindex=\"-1\">Hakk\u0131m\u0131zda<\/a><\/li>\n<li class=\"menu-item menu-item-type-post_type menu-item-object-page menu-item-388\"><a href=\"http:\/\/cevre-yapi.com\/tr\/kurumsal\/baskanin-yazisi\/\" class=\"elementor-item\" tabindex=\"-1\">Ba\u015fkan\u0131n Yaz\u0131s\u0131<\/a><\/li>\n<li class=\"menu-item menu-item-type-post_type menu-item-object-page menu-item-391\"><a href=\"http:\/\/cevre-yapi.com\/tr\/kurumsal\/misyon-vizyon\/\" class=\"elementor-item\" tabindex=\"-1\">Misyon &amp; Vizyon<\/a><\/li>\n<li class=\"menu-item menu-item-type-post_type menu-item-object-page menu-item-392\"><a href=\"http:\/\/cevre-yapi.com\/tr\/kurumsal\/uyeliklerimiz\/\" class=\"elementor-item\" tabindex=\"-1\">\u00dcyeliklerimiz<\/a><\/li>\n<li class=\"menu-item menu-item-type-post_type menu-item-object-page menu-item-390\"><a href=\"http:\/\/cevre-yapi.com\/tr\/kurumsal\/kalita-politikamiz\/\" class=\"elementor-item\" tabindex=\"-1\">Kalita Politikam\u0131z<\/a><\/li>\n<li class=\"menu-item menu-item-type-post_type menu-item-object-page menu-item-2253\"><a href=\"http:\/\/cevre-yapi.com\/tr\/ekibimiz\/\" class=\"elementor-item\" tabindex=\"-1\">Ekibimiz<\/a><\/li>\n<li class=\"menu-item menu-item-type-post_type_archive menu-item-object-is_ilanlari menu-item-2254\"><a href=\"http:\/\/cevre-yapi.com\/tr\/kariyer\/\" class=\"elementor-item\" tabindex=\"-1\">Kariyer<\/a><\/li>\n<\/ul>\t\t\t<\/nav>\n\t\t\t\t\t\t<\/div>\n\t\t\t\t<\/div>\n\t\t\t\t\t<\/div>\n\t\t<\/div>\n\t\t\t\t\t<\/div>\n\t\t<\/section>\n\t\t\t\t\t<\/div>\n\t\t<\/div>\n\t\t\t\t<div class=\"elementor-column elementor-col-66 elementor-top-column elementor-element elementor-element-aaf7e2f\" data-id=\"aaf7e2f\" data-element_type=\"column\">\n\t\t\t<div class=\"elementor-widget-wrap elementor-element-populated\">\n\t\t\t\t\t\t<div class=\"elementor-element elementor-element-9436516 elementor-widget elementor-widget-text-editor\" data-id=\"9436516\" data-element_type=\"widget\" data-widget_type=\"text-editor.default\">\n\t\t\t\t<div class=\"elementor-widget-container\">\n\t\t\t\t\t\t\t\t\t<p><img fetchpriority=\"high\" decoding=\"async\" class=\"alignleft wp-image-2887 \" src=\"https:\/\/cevre-yapi.com\/wp-content\/uploads\/2025\/04\/baskan-692x1024.jpg\" alt=\"\" width=\"279\" height=\"438\" \/>Merhaba,<\/p>\n<p>Son y\u0131llarda iklim de\u011fi\u015fiklikleri, artan hava, su, toprak kirlili\u011fi, ormanlar\u0131n giderek yok olmas\u0131 ve at\u0131k sorunlar\u0131 gibi sebeplerle \u00e7evre hassasiyetleri giderek artt\u0131.<\/p>\n<p>Biliyoruz ki do\u011fa, bize b\u00fcy\u00fcklerimizin miras\u0131 de\u011fil, gelecek ku\u015faklar\u0131n emanetidir.<\/p>\n<p>Bu nedenle \u00c7evre Yap\u0131 Ar\u0131tma Sistemleri olarak 20 y\u0131ld\u0131r ba\u015fta \u00fclkemizde olmak \u00fczere d\u00fcnyadaki do\u011fal kaynaklar\u0131n korunmas\u0131n\u0131n yan\u0131 s\u0131ra s\u00fcrekli geli\u015fen teknolojiye ayak uyduran \u00f6nc\u00fc ve \u00e7evreci firmalar aras\u0131nda yerimizi almak amac\u0131yla \u00e7al\u0131\u015fmalar\u0131m\u0131za devam ediyoruz.<\/p>\n<p>Bug\u00fcne dek end\u00fcstriyel ve evsel at\u0131ksu ar\u0131tma tesisi projelendirilmesi, yap\u0131m\u0131 ve i\u015fletilmesi, proses suyu haz\u0131rlama tesisi yap\u0131m\u0131, \u00e7evrimi\u00e7i \u00f6l\u00e7\u00fcm sistemleri, partik\u00fcler ar\u0131tma sistemleri ile m\u00fchendislik hizmetleri konusunda yurt i\u00e7inde ve yurt d\u0131\u015f\u0131nda \u00f6nemli i\u015flere imza att\u0131k.<\/p>\n<p>Yurt i\u00e7inde \u0130zmir\u2019den Mersin\u2019e, Gaziantep\u2019ten Ankara\u2019ya kadar 100\u2019\u00fc a\u015fk\u0131n projeyi ba\u015far\u0131yla tamamlad\u0131k.<\/p>\n<p>Yurt d\u0131\u015f\u0131nda ise Amerika Birle\u015fik Devletleri\u2019nden \u00d6zbekistan\u2019a kadar dokuz \u00fclkede projelerimizi ger\u00e7ekle\u015ftirdik.<\/p>\n<p>\u00c7evre Yap\u0131 Ar\u0131tma Sistemleri olarak bug\u00fcn alt\u0131 \u00e7evre m\u00fchendisi, ikisi in\u015faat m\u00fchendisi olmak \u00fczere kendi alanlar\u0131nda deneyimli toplam 30 \u00e7al\u0131\u015fma arkada\u015f\u0131m\u0131zla birlikte faaliyetlerimize aral\u0131ks\u0131z devam ediyoruz.<\/p>\n<p>B\u00fct\u00fcn bu \u00e7al\u0131\u015fmalar\u0131m\u0131z s\u0131ras\u0131nda OSB\u2019ler ve belediyeler ile end\u00fcstriyel tesislerin \u00f6nemli bir payda\u015f\u0131 ve \u00e7\u00f6z\u00fcm orta\u011f\u0131 olmakla birlikte \u00fcniversitelerimiz ile de yak\u0131n i\u015f birli\u011fi i\u00e7inde olmaya b\u00fcy\u00fck \u00f6zen g\u00f6sterdik.<\/p>\n<p>Bundan sonra da T\u00fcrk sanayisinin olmazsa olmaz\u0131 ar\u0131tma sekt\u00f6r\u00fcnde m\u00fc\u015fterilerimize en etkili ve ekonomik \u00e7\u00f6z\u00fcmleri sunmak misyonuyla \u00c7evre Yap\u0131 Ar\u0131tma Sistemleri\u2019ni daha da b\u00fcy\u00fcterek \u00e7al\u0131\u015fmalar\u0131m\u0131z\u0131 s\u00fcrd\u00fcrece\u011fiz.<\/p>\n<p>Sayg\u0131lar\u0131mla\u2026<\/p>\n<p>\u00c7a\u011flar \u00d6z\u00e7elikler<br \/>\nY\u00f6netim Kurulu Ba\u015fkan\u0131<\/p>\n\t\t\t\t\t\t\t\t<\/div>\n\t\t\t\t<\/div>\n\t\t\t\t\t<\/div>\n\t\t<\/div>\n\t\t\t\t\t<\/div>\n\t\t<\/section>\n\t\t\t\t<\/div>\n\t\t","protected":false},"excerpt":{"rendered":"<p>KURUMSAL<\/p>\n","protected":false},"author":1,"featured_media":0,"parent":406,"menu_order":0,"comment_status":"closed","ping_status":"closed","template":"","meta":{"footnotes":""},"class_list":["post-358","page","type-page","status-publish","hentry"],"_links":{"self":[{"href":"http:\/\/cevre-yapi.com\/tr\/wp-json\/wp\/v2\/pages\/358","targetHints":{"allow":["GET"]}}],"collection":[{"href":"http:\/\/cevre-yapi.com\/tr\/wp-json\/wp\/v2\/pages"}],"about":[{"href":"http:\/\/cevre-yapi.com\/tr\/wp-json\/wp\/v2\/types\/page"}],"author":[{"embeddable":true,"href":"http:\/\/cevre-yapi.com\/tr\/wp-json\/wp\/v2\/users\/1"}],"replies":[{"embeddable":true,"href":"http:\/\/cevre-yapi.com\/tr\/wp-json\/wp\/v2\/comments?post=358"}],"version-history":[{"count":0,"href":"http:\/\/cevre-yapi.com\/tr\/wp-json\/wp\/v2\/pages\/358\/revisions"}],"up":[{"embeddable":true,"href":"http:\/\/cevre-yapi.com\/tr\/wp-json\/wp\/v2\/pages\/406"}],"wp:attachment":[{"href":"http:\/\/cevre-yapi.com\/tr\/wp-json\/wp\/v2\/media?parent=358"}],"curies":[{"name":"wp","href":"https:\/\/api.w.org\/{rel}","templated":true}]}}