{"id":363,"date":"2024-10-16T21:31:17","date_gmt":"2024-10-16T18:31:17","guid":{"rendered":"https:\/\/cevre-yapi.com\/?page_id=363"},"modified":"2024-10-29T21:38:52","modified_gmt":"2024-10-29T18:38:52","slug":"misyon-vizyon","status":"publish","type":"page","link":"http:\/\/cevre-yapi.com\/tr\/kurumsal\/misyon-vizyon\/","title":{"rendered":"Misyon &amp; Vizyon"},"content":{"rendered":"\t\t<div data-elementor-type=\"wp-page\" data-elementor-id=\"363\" class=\"elementor elementor-363\" data-elementor-post-type=\"page\">\n\t\t\t\t\t\t<section class=\"elementor-section elementor-top-section elementor-element elementor-element-3c8d119 elementor-reverse-mobile elementor-section-boxed elementor-section-height-default elementor-section-height-default\" data-id=\"3c8d119\" data-element_type=\"section\" data-settings=\"{&quot;jet_parallax_layout_list&quot;:[]}\">\n\t\t\t\t\t\t<div class=\"elementor-container elementor-column-gap-default\">\n\t\t\t\t\t<div class=\"elementor-column elementor-col-33 elementor-top-column elementor-element elementor-element-121ca4c\" data-id=\"121ca4c\" data-element_type=\"column\">\n\t\t\t<div class=\"elementor-widget-wrap elementor-element-populated\">\n\t\t\t\t\t\t<section class=\"elementor-section elementor-inner-section elementor-element elementor-element-358fce3 elementor-section-boxed elementor-section-height-default elementor-section-height-default\" data-id=\"358fce3\" data-element_type=\"section\" data-settings=\"{&quot;background_background&quot;:&quot;classic&quot;,&quot;sticky&quot;:&quot;top&quot;,&quot;sticky_on&quot;:[&quot;desktop&quot;,&quot;tablet&quot;],&quot;sticky_offset&quot;:100,&quot;sticky_parent&quot;:&quot;yes&quot;,&quot;jet_parallax_layout_list&quot;:[],&quot;sticky_effects_offset&quot;:0}\">\n\t\t\t\t\t\t<div class=\"elementor-container elementor-column-gap-no\">\n\t\t\t\t\t<div class=\"elementor-column elementor-col-100 elementor-inner-column elementor-element elementor-element-7affa2b\" data-id=\"7affa2b\" data-element_type=\"column\">\n\t\t\t<div class=\"elementor-widget-wrap elementor-element-populated\">\n\t\t\t\t\t\t<div class=\"elementor-element elementor-element-68c2c24 elementor-widget elementor-widget-heading\" data-id=\"68c2c24\" data-element_type=\"widget\" data-widget_type=\"heading.default\">\n\t\t\t\t<div class=\"elementor-widget-container\">\n\t\t\t\t\t<h2 class=\"elementor-heading-title elementor-size-default\">KURUMSAL<\/h2>\t\t\t\t<\/div>\n\t\t\t\t<\/div>\n\t\t\t\t<div class=\"elementor-element elementor-element-9d755f1 elementor-nav-menu--dropdown-none elementor-widget elementor-widget-nav-menu\" data-id=\"9d755f1\" data-element_type=\"widget\" data-settings=\"{&quot;layout&quot;:&quot;vertical&quot;,&quot;submenu_icon&quot;:{&quot;value&quot;:&quot;&lt;i class=\\&quot;\\&quot;&gt;&lt;\\\/i&gt;&quot;,&quot;library&quot;:&quot;&quot;}}\" data-widget_type=\"nav-menu.default\">\n\t\t\t\t<div class=\"elementor-widget-container\">\n\t\t\t\t\t\t\t\t<nav aria-label=\"Menu\" class=\"elementor-nav-menu--main elementor-nav-menu__container elementor-nav-menu--layout-vertical e--pointer-background e--animation-sweep-right\">\n\t\t\t\t<ul id=\"menu-1-9d755f1\" class=\"elementor-nav-menu sm-vertical\"><li class=\"menu-item menu-item-type-post_type menu-item-object-page menu-item-389\"><a href=\"http:\/\/cevre-yapi.com\/tr\/kurumsal\/hakkimizda\/\" class=\"elementor-item\">Hakk\u0131m\u0131zda<\/a><\/li>\n<li class=\"menu-item menu-item-type-post_type menu-item-object-page menu-item-388\"><a href=\"http:\/\/cevre-yapi.com\/tr\/kurumsal\/baskanin-yazisi\/\" class=\"elementor-item\">Ba\u015fkan\u0131n Yaz\u0131s\u0131<\/a><\/li>\n<li class=\"menu-item menu-item-type-post_type menu-item-object-page menu-item-391\"><a href=\"http:\/\/cevre-yapi.com\/tr\/kurumsal\/misyon-vizyon\/\" class=\"elementor-item\">Misyon &amp; Vizyon<\/a><\/li>\n<li class=\"menu-item menu-item-type-post_type menu-item-object-page menu-item-392\"><a href=\"http:\/\/cevre-yapi.com\/tr\/kurumsal\/uyeliklerimiz\/\" class=\"elementor-item\">\u00dcyeliklerimiz<\/a><\/li>\n<li class=\"menu-item menu-item-type-post_type menu-item-object-page menu-item-390\"><a href=\"http:\/\/cevre-yapi.com\/tr\/kurumsal\/kalita-politikamiz\/\" class=\"elementor-item\">Kalita Politikam\u0131z<\/a><\/li>\n<li class=\"menu-item menu-item-type-post_type menu-item-object-page menu-item-2253\"><a href=\"http:\/\/cevre-yapi.com\/tr\/ekibimiz\/\" class=\"elementor-item\">Ekibimiz<\/a><\/li>\n<li class=\"menu-item menu-item-type-post_type_archive menu-item-object-is_ilanlari menu-item-2254\"><a href=\"http:\/\/cevre-yapi.com\/tr\/kariyer\/\" class=\"elementor-item\">Kariyer<\/a><\/li>\n<\/ul>\t\t\t<\/nav>\n\t\t\t\t\t\t<nav class=\"elementor-nav-menu--dropdown elementor-nav-menu__container\" aria-hidden=\"true\">\n\t\t\t\t<ul id=\"menu-2-9d755f1\" class=\"elementor-nav-menu sm-vertical\"><li class=\"menu-item menu-item-type-post_type menu-item-object-page menu-item-389\"><a href=\"http:\/\/cevre-yapi.com\/tr\/kurumsal\/hakkimizda\/\" class=\"elementor-item\" tabindex=\"-1\">Hakk\u0131m\u0131zda<\/a><\/li>\n<li class=\"menu-item menu-item-type-post_type menu-item-object-page menu-item-388\"><a href=\"http:\/\/cevre-yapi.com\/tr\/kurumsal\/baskanin-yazisi\/\" class=\"elementor-item\" tabindex=\"-1\">Ba\u015fkan\u0131n Yaz\u0131s\u0131<\/a><\/li>\n<li class=\"menu-item menu-item-type-post_type menu-item-object-page menu-item-391\"><a href=\"http:\/\/cevre-yapi.com\/tr\/kurumsal\/misyon-vizyon\/\" class=\"elementor-item\" tabindex=\"-1\">Misyon &amp; Vizyon<\/a><\/li>\n<li class=\"menu-item menu-item-type-post_type menu-item-object-page menu-item-392\"><a href=\"http:\/\/cevre-yapi.com\/tr\/kurumsal\/uyeliklerimiz\/\" class=\"elementor-item\" tabindex=\"-1\">\u00dcyeliklerimiz<\/a><\/li>\n<li class=\"menu-item menu-item-type-post_type menu-item-object-page menu-item-390\"><a href=\"http:\/\/cevre-yapi.com\/tr\/kurumsal\/kalita-politikamiz\/\" class=\"elementor-item\" tabindex=\"-1\">Kalita Politikam\u0131z<\/a><\/li>\n<li class=\"menu-item menu-item-type-post_type menu-item-object-page menu-item-2253\"><a href=\"http:\/\/cevre-yapi.com\/tr\/ekibimiz\/\" class=\"elementor-item\" tabindex=\"-1\">Ekibimiz<\/a><\/li>\n<li class=\"menu-item menu-item-type-post_type_archive menu-item-object-is_ilanlari menu-item-2254\"><a href=\"http:\/\/cevre-yapi.com\/tr\/kariyer\/\" class=\"elementor-item\" tabindex=\"-1\">Kariyer<\/a><\/li>\n<\/ul>\t\t\t<\/nav>\n\t\t\t\t\t\t<\/div>\n\t\t\t\t<\/div>\n\t\t\t\t\t<\/div>\n\t\t<\/div>\n\t\t\t\t\t<\/div>\n\t\t<\/section>\n\t\t\t\t\t<\/div>\n\t\t<\/div>\n\t\t\t\t<div class=\"elementor-column elementor-col-66 elementor-top-column elementor-element elementor-element-bcd5989\" data-id=\"bcd5989\" data-element_type=\"column\">\n\t\t\t<div class=\"elementor-widget-wrap elementor-element-populated\">\n\t\t\t\t\t\t<div class=\"elementor-element elementor-element-8970230 elementor-widget elementor-widget-heading\" data-id=\"8970230\" data-element_type=\"widget\" data-widget_type=\"heading.default\">\n\t\t\t\t<div class=\"elementor-widget-container\">\n\t\t\t\t\t<h4 class=\"elementor-heading-title elementor-size-default\">Misyon<\/h4>\t\t\t\t<\/div>\n\t\t\t\t<\/div>\n\t\t\t\t<div class=\"elementor-element elementor-element-985bf17 elementor-widget elementor-widget-text-editor\" data-id=\"985bf17\" data-element_type=\"widget\" data-widget_type=\"text-editor.default\">\n\t\t\t\t<div class=\"elementor-widget-container\">\n\t\t\t\t\t\t\t\t\t<p><span style=\"font-weight: 400\">S\u00fcrekli geli\u015fen teknolojiye ayak uydurarak, profesyonel ekibi ile kurum ve kurulu\u015flara at\u0131k su ar\u0131tma tesisleri konusunda en uygun \u00e7\u00f6z\u00fcmleri sunmakt\u0131r.<\/span><\/p>\n\t\t\t\t\t\t\t\t<\/div>\n\t\t\t\t<\/div>\n\t\t\t\t<div class=\"elementor-element elementor-element-760fbf0 elementor-widget elementor-widget-heading\" data-id=\"760fbf0\" data-element_type=\"widget\" data-widget_type=\"heading.default\">\n\t\t\t\t<div class=\"elementor-widget-container\">\n\t\t\t\t\t<h4 class=\"elementor-heading-title elementor-size-default\">Vizyon<\/h4>\t\t\t\t<\/div>\n\t\t\t\t<\/div>\n\t\t\t\t<div class=\"elementor-element elementor-element-a1e8abd elementor-widget elementor-widget-text-editor\" data-id=\"a1e8abd\" data-element_type=\"widget\" data-widget_type=\"text-editor.default\">\n\t\t\t\t<div class=\"elementor-widget-container\">\n\t\t\t\t\t\t\t\t\t<p>Do\u011fal kaynaklar\u0131n korunmas\u0131nda \u00f6nemli bir yere sahip olan at\u0131k su ar\u0131tma tesisleri konusunda, ba\u015fta \u00fclkemiz olmak \u00fczere d\u00fcnyan\u0131n \u00f6rnek g\u00f6sterilen firmalar\u0131ndan biri olmak.<\/p>\n\t\t\t\t\t\t\t\t<\/div>\n\t\t\t\t<\/div>\n\t\t\t\t\t<\/div>\n\t\t<\/div>\n\t\t\t\t\t<\/div>\n\t\t<\/section>\n\t\t\t\t<\/div>\n\t\t","protected":false},"excerpt":{"rendered":"<p>KURUMSAL Misyon Vizyon<\/p>\n","protected":false},"author":1,"featured_media":0,"parent":406,"menu_order":0,"comment_status":"closed","ping_status":"closed","template":"","meta":{"footnotes":""},"class_list":["post-363","page","type-page","status-publish","hentry"],"_links":{"self":[{"href":"http:\/\/cevre-yapi.com\/tr\/wp-json\/wp\/v2\/pages\/363","targetHints":{"allow":["GET"]}}],"collection":[{"href":"http:\/\/cevre-yapi.com\/tr\/wp-json\/wp\/v2\/pages"}],"about":[{"href":"http:\/\/cevre-yapi.com\/tr\/wp-json\/wp\/v2\/types\/page"}],"author":[{"embeddable":true,"href":"http:\/\/cevre-yapi.com\/tr\/wp-json\/wp\/v2\/users\/1"}],"replies":[{"embeddable":true,"href":"http:\/\/cevre-yapi.com\/tr\/wp-json\/wp\/v2\/comments?post=363"}],"version-history":[{"count":0,"href":"http:\/\/cevre-yapi.com\/tr\/wp-json\/wp\/v2\/pages\/363\/revisions"}],"up":[{"embeddable":true,"href":"http:\/\/cevre-yapi.com\/tr\/wp-json\/wp\/v2\/pages\/406"}],"wp:attachment":[{"href":"http:\/\/cevre-yapi.com\/tr\/wp-json\/wp\/v2\/media?parent=363"}],"curies":[{"name":"wp","href":"https:\/\/api.w.org\/{rel}","templated":true}]}}