{"id":368,"date":"2024-10-16T21:33:17","date_gmt":"2024-10-16T18:33:17","guid":{"rendered":"https:\/\/cevre-yapi.com\/?page_id=368"},"modified":"2025-04-12T21:36:21","modified_gmt":"2025-04-12T18:36:21","slug":"uyeliklerimiz","status":"publish","type":"page","link":"http:\/\/cevre-yapi.com\/tr\/kurumsal\/uyeliklerimiz\/","title":{"rendered":"\u00dcyeliklerimiz"},"content":{"rendered":"\t\t<div data-elementor-type=\"wp-page\" data-elementor-id=\"368\" class=\"elementor elementor-368\" data-elementor-post-type=\"page\">\n\t\t\t\t\t\t<section class=\"elementor-section elementor-top-section elementor-element elementor-element-9738423 elementor-reverse-mobile elementor-section-boxed elementor-section-height-default elementor-section-height-default\" data-id=\"9738423\" data-element_type=\"section\" data-settings=\"{&quot;jet_parallax_layout_list&quot;:[]}\">\n\t\t\t\t\t\t<div class=\"elementor-container elementor-column-gap-default\">\n\t\t\t\t\t<div class=\"elementor-column elementor-col-33 elementor-top-column elementor-element elementor-element-7aff568\" data-id=\"7aff568\" data-element_type=\"column\">\n\t\t\t<div class=\"elementor-widget-wrap elementor-element-populated\">\n\t\t\t\t\t\t<section class=\"elementor-section elementor-inner-section elementor-element elementor-element-2030439 elementor-section-boxed elementor-section-height-default elementor-section-height-default\" data-id=\"2030439\" data-element_type=\"section\" data-settings=\"{&quot;background_background&quot;:&quot;classic&quot;,&quot;sticky&quot;:&quot;top&quot;,&quot;sticky_on&quot;:[&quot;desktop&quot;,&quot;tablet&quot;],&quot;sticky_offset&quot;:100,&quot;sticky_parent&quot;:&quot;yes&quot;,&quot;jet_parallax_layout_list&quot;:[],&quot;sticky_effects_offset&quot;:0}\">\n\t\t\t\t\t\t<div class=\"elementor-container elementor-column-gap-no\">\n\t\t\t\t\t<div class=\"elementor-column elementor-col-100 elementor-inner-column elementor-element elementor-element-e24d2b7\" data-id=\"e24d2b7\" data-element_type=\"column\">\n\t\t\t<div class=\"elementor-widget-wrap elementor-element-populated\">\n\t\t\t\t\t\t<div class=\"elementor-element elementor-element-732e656 elementor-widget elementor-widget-heading\" data-id=\"732e656\" data-element_type=\"widget\" data-widget_type=\"heading.default\">\n\t\t\t\t<div class=\"elementor-widget-container\">\n\t\t\t\t\t<h2 class=\"elementor-heading-title elementor-size-default\">KURUMSAL<\/h2>\t\t\t\t<\/div>\n\t\t\t\t<\/div>\n\t\t\t\t<div class=\"elementor-element elementor-element-85945a2 elementor-nav-menu--dropdown-none elementor-widget elementor-widget-nav-menu\" data-id=\"85945a2\" data-element_type=\"widget\" data-settings=\"{&quot;layout&quot;:&quot;vertical&quot;,&quot;submenu_icon&quot;:{&quot;value&quot;:&quot;&lt;i class=\\&quot;\\&quot;&gt;&lt;\\\/i&gt;&quot;,&quot;library&quot;:&quot;&quot;}}\" data-widget_type=\"nav-menu.default\">\n\t\t\t\t<div class=\"elementor-widget-container\">\n\t\t\t\t\t\t\t\t<nav aria-label=\"Menu\" class=\"elementor-nav-menu--main elementor-nav-menu__container elementor-nav-menu--layout-vertical e--pointer-background e--animation-sweep-right\">\n\t\t\t\t<ul id=\"menu-1-85945a2\" class=\"elementor-nav-menu sm-vertical\"><li class=\"menu-item menu-item-type-post_type menu-item-object-page menu-item-389\"><a href=\"http:\/\/cevre-yapi.com\/tr\/kurumsal\/hakkimizda\/\" class=\"elementor-item\">Hakk\u0131m\u0131zda<\/a><\/li>\n<li class=\"menu-item menu-item-type-post_type menu-item-object-page menu-item-388\"><a href=\"http:\/\/cevre-yapi.com\/tr\/kurumsal\/baskanin-yazisi\/\" class=\"elementor-item\">Ba\u015fkan\u0131n Yaz\u0131s\u0131<\/a><\/li>\n<li class=\"menu-item menu-item-type-post_type menu-item-object-page menu-item-391\"><a href=\"http:\/\/cevre-yapi.com\/tr\/kurumsal\/misyon-vizyon\/\" class=\"elementor-item\">Misyon &amp; Vizyon<\/a><\/li>\n<li class=\"menu-item menu-item-type-post_type menu-item-object-page menu-item-392\"><a href=\"http:\/\/cevre-yapi.com\/tr\/kurumsal\/uyeliklerimiz\/\" class=\"elementor-item\">\u00dcyeliklerimiz<\/a><\/li>\n<li class=\"menu-item menu-item-type-post_type menu-item-object-page menu-item-390\"><a href=\"http:\/\/cevre-yapi.com\/tr\/kurumsal\/kalita-politikamiz\/\" class=\"elementor-item\">Kalita Politikam\u0131z<\/a><\/li>\n<li class=\"menu-item menu-item-type-post_type menu-item-object-page menu-item-2253\"><a href=\"http:\/\/cevre-yapi.com\/tr\/ekibimiz\/\" class=\"elementor-item\">Ekibimiz<\/a><\/li>\n<li class=\"menu-item menu-item-type-post_type_archive menu-item-object-is_ilanlari menu-item-2254\"><a href=\"http:\/\/cevre-yapi.com\/tr\/kariyer\/\" class=\"elementor-item\">Kariyer<\/a><\/li>\n<\/ul>\t\t\t<\/nav>\n\t\t\t\t\t\t<nav class=\"elementor-nav-menu--dropdown elementor-nav-menu__container\" aria-hidden=\"true\">\n\t\t\t\t<ul id=\"menu-2-85945a2\" class=\"elementor-nav-menu sm-vertical\"><li class=\"menu-item menu-item-type-post_type menu-item-object-page menu-item-389\"><a href=\"http:\/\/cevre-yapi.com\/tr\/kurumsal\/hakkimizda\/\" class=\"elementor-item\" tabindex=\"-1\">Hakk\u0131m\u0131zda<\/a><\/li>\n<li class=\"menu-item menu-item-type-post_type menu-item-object-page menu-item-388\"><a href=\"http:\/\/cevre-yapi.com\/tr\/kurumsal\/baskanin-yazisi\/\" class=\"elementor-item\" tabindex=\"-1\">Ba\u015fkan\u0131n Yaz\u0131s\u0131<\/a><\/li>\n<li class=\"menu-item menu-item-type-post_type menu-item-object-page menu-item-391\"><a href=\"http:\/\/cevre-yapi.com\/tr\/kurumsal\/misyon-vizyon\/\" class=\"elementor-item\" tabindex=\"-1\">Misyon &amp; Vizyon<\/a><\/li>\n<li class=\"menu-item menu-item-type-post_type menu-item-object-page menu-item-392\"><a href=\"http:\/\/cevre-yapi.com\/tr\/kurumsal\/uyeliklerimiz\/\" class=\"elementor-item\" tabindex=\"-1\">\u00dcyeliklerimiz<\/a><\/li>\n<li class=\"menu-item menu-item-type-post_type menu-item-object-page menu-item-390\"><a href=\"http:\/\/cevre-yapi.com\/tr\/kurumsal\/kalita-politikamiz\/\" class=\"elementor-item\" tabindex=\"-1\">Kalita Politikam\u0131z<\/a><\/li>\n<li class=\"menu-item menu-item-type-post_type menu-item-object-page menu-item-2253\"><a href=\"http:\/\/cevre-yapi.com\/tr\/ekibimiz\/\" class=\"elementor-item\" tabindex=\"-1\">Ekibimiz<\/a><\/li>\n<li class=\"menu-item menu-item-type-post_type_archive menu-item-object-is_ilanlari menu-item-2254\"><a href=\"http:\/\/cevre-yapi.com\/tr\/kariyer\/\" class=\"elementor-item\" tabindex=\"-1\">Kariyer<\/a><\/li>\n<\/ul>\t\t\t<\/nav>\n\t\t\t\t\t\t<\/div>\n\t\t\t\t<\/div>\n\t\t\t\t\t<\/div>\n\t\t<\/div>\n\t\t\t\t\t<\/div>\n\t\t<\/section>\n\t\t\t\t\t<\/div>\n\t\t<\/div>\n\t\t\t\t<div class=\"elementor-column elementor-col-66 elementor-top-column elementor-element elementor-element-a2e172a\" data-id=\"a2e172a\" data-element_type=\"column\">\n\t\t\t<div class=\"elementor-widget-wrap elementor-element-populated\">\n\t\t\t\t\t\t<section class=\"elementor-section elementor-inner-section elementor-element elementor-element-1e05c4a elementor-section-boxed elementor-section-height-default elementor-section-height-default\" data-id=\"1e05c4a\" data-element_type=\"section\" data-settings=\"{&quot;jet_parallax_layout_list&quot;:[]}\">\n\t\t\t\t\t\t<div class=\"elementor-container elementor-column-gap-default\">\n\t\t\t\t\t<div class=\"elementor-column elementor-col-50 elementor-inner-column elementor-element elementor-element-25d6e2d\" data-id=\"25d6e2d\" data-element_type=\"column\">\n\t\t\t<div class=\"elementor-widget-wrap elementor-element-populated\">\n\t\t\t\t\t\t<div class=\"elementor-element elementor-element-58c0ae7 elementor-widget elementor-widget-image\" data-id=\"58c0ae7\" data-element_type=\"widget\" data-widget_type=\"image.default\">\n\t\t\t\t<div class=\"elementor-widget-container\">\n\t\t\t\t\t\t\t\t\t\t\t\t<figure class=\"wp-caption\">\n\t\t\t\t\t\t\t\t\t\t<img fetchpriority=\"high\" decoding=\"async\" width=\"250\" height=\"250\" src=\"https:\/\/cevre-yapi.com\/wp-content\/uploads\/2025\/04\/btso.png\" class=\"attachment-large size-large wp-image-2947\" alt=\"\" srcset=\"https:\/\/cevre-yapi.com\/wp-content\/uploads\/2025\/04\/btso.png 250w, https:\/\/cevre-yapi.com\/wp-content\/uploads\/2025\/04\/btso-150x150.png 150w, https:\/\/cevre-yapi.com\/wp-content\/uploads\/2025\/04\/btso-12x12.png 12w\" sizes=\"(max-width: 250px) 100vw, 250px\" \/>\t\t\t\t\t\t\t\t\t\t\t<figcaption class=\"widget-image-caption wp-caption-text\">BTSO - Bursa Ticaret ve Sanayi Odas\u0131<\/figcaption>\n\t\t\t\t\t\t\t\t\t\t<\/figure>\n\t\t\t\t\t\t\t\t\t<\/div>\n\t\t\t\t<\/div>\n\t\t\t\t\t<\/div>\n\t\t<\/div>\n\t\t\t\t<div class=\"elementor-column elementor-col-50 elementor-inner-column elementor-element elementor-element-6183c5c\" data-id=\"6183c5c\" data-element_type=\"column\">\n\t\t\t<div class=\"elementor-widget-wrap elementor-element-populated\">\n\t\t\t\t\t\t<div class=\"elementor-element elementor-element-263e624 elementor-widget elementor-widget-image\" data-id=\"263e624\" data-element_type=\"widget\" data-widget_type=\"image.default\">\n\t\t\t\t<div class=\"elementor-widget-container\">\n\t\t\t\t\t\t\t\t\t\t\t\t<figure class=\"wp-caption\">\n\t\t\t\t\t\t\t\t\t\t<img decoding=\"async\" width=\"250\" height=\"250\" src=\"https:\/\/cevre-yapi.com\/wp-content\/uploads\/2025\/04\/TUMKAD.png\" class=\"attachment-large size-large wp-image-2950\" alt=\"\" srcset=\"https:\/\/cevre-yapi.com\/wp-content\/uploads\/2025\/04\/TUMKAD.png 250w, https:\/\/cevre-yapi.com\/wp-content\/uploads\/2025\/04\/TUMKAD-150x150.png 150w, https:\/\/cevre-yapi.com\/wp-content\/uploads\/2025\/04\/TUMKAD-12x12.png 12w\" sizes=\"(max-width: 250px) 100vw, 250px\" \/>\t\t\t\t\t\t\t\t\t\t\t<figcaption class=\"widget-image-caption wp-caption-text\">T\u00dcMKAD - T\u00fcm M\u00fchendis Kad\u0131nlar Derne\u011fi<\/figcaption>\n\t\t\t\t\t\t\t\t\t\t<\/figure>\n\t\t\t\t\t\t\t\t\t<\/div>\n\t\t\t\t<\/div>\n\t\t\t\t\t<\/div>\n\t\t<\/div>\n\t\t\t\t\t<\/div>\n\t\t<\/section>\n\t\t\t\t<section class=\"elementor-section elementor-inner-section elementor-element elementor-element-d398e09 elementor-section-boxed elementor-section-height-default elementor-section-height-default\" data-id=\"d398e09\" data-element_type=\"section\" data-settings=\"{&quot;jet_parallax_layout_list&quot;:[]}\">\n\t\t\t\t\t\t<div class=\"elementor-container elementor-column-gap-default\">\n\t\t\t\t\t<div class=\"elementor-column elementor-col-50 elementor-inner-column elementor-element elementor-element-eb63bf0\" data-id=\"eb63bf0\" data-element_type=\"column\">\n\t\t\t<div class=\"elementor-widget-wrap elementor-element-populated\">\n\t\t\t\t\t\t<div class=\"elementor-element elementor-element-585c64c elementor-widget elementor-widget-image\" data-id=\"585c64c\" data-element_type=\"widget\" data-widget_type=\"image.default\">\n\t\t\t\t<div class=\"elementor-widget-container\">\n\t\t\t\t\t\t\t\t\t\t\t\t<figure class=\"wp-caption\">\n\t\t\t\t\t\t\t\t\t\t<img decoding=\"async\" width=\"250\" height=\"250\" src=\"https:\/\/cevre-yapi.com\/wp-content\/uploads\/2025\/04\/kalder.png\" class=\"attachment-large size-large wp-image-2949\" alt=\"\" srcset=\"https:\/\/cevre-yapi.com\/wp-content\/uploads\/2025\/04\/kalder.png 250w, https:\/\/cevre-yapi.com\/wp-content\/uploads\/2025\/04\/kalder-150x150.png 150w, https:\/\/cevre-yapi.com\/wp-content\/uploads\/2025\/04\/kalder-12x12.png 12w\" sizes=\"(max-width: 250px) 100vw, 250px\" \/>\t\t\t\t\t\t\t\t\t\t\t<figcaption class=\"widget-image-caption wp-caption-text\">KalDer - T\u00fcrkiye Kalite Derne\u011fi<\/figcaption>\n\t\t\t\t\t\t\t\t\t\t<\/figure>\n\t\t\t\t\t\t\t\t\t<\/div>\n\t\t\t\t<\/div>\n\t\t\t\t\t<\/div>\n\t\t<\/div>\n\t\t\t\t<div class=\"elementor-column elementor-col-50 elementor-inner-column elementor-element elementor-element-bb79921\" data-id=\"bb79921\" data-element_type=\"column\">\n\t\t\t<div class=\"elementor-widget-wrap elementor-element-populated\">\n\t\t\t\t\t\t<div class=\"elementor-element elementor-element-6f34991 elementor-widget elementor-widget-image\" data-id=\"6f34991\" data-element_type=\"widget\" data-widget_type=\"image.default\">\n\t\t\t\t<div class=\"elementor-widget-container\">\n\t\t\t\t\t\t\t\t\t\t\t\t<figure class=\"wp-caption\">\n\t\t\t\t\t\t\t\t\t\t<img loading=\"lazy\" decoding=\"async\" width=\"250\" height=\"250\" src=\"https:\/\/cevre-yapi.com\/wp-content\/uploads\/2025\/04\/tmmob-cmo.png\" class=\"attachment-large size-large wp-image-2951\" alt=\"\" srcset=\"https:\/\/cevre-yapi.com\/wp-content\/uploads\/2025\/04\/tmmob-cmo.png 250w, https:\/\/cevre-yapi.com\/wp-content\/uploads\/2025\/04\/tmmob-cmo-150x150.png 150w, https:\/\/cevre-yapi.com\/wp-content\/uploads\/2025\/04\/tmmob-cmo-12x12.png 12w\" sizes=\"(max-width: 250px) 100vw, 250px\" \/>\t\t\t\t\t\t\t\t\t\t\t<figcaption class=\"widget-image-caption wp-caption-text\">TMMOB - \u00c7evre M\u00fchendisleri Odas\u0131<\/figcaption>\n\t\t\t\t\t\t\t\t\t\t<\/figure>\n\t\t\t\t\t\t\t\t\t<\/div>\n\t\t\t\t<\/div>\n\t\t\t\t\t<\/div>\n\t\t<\/div>\n\t\t\t\t\t<\/div>\n\t\t<\/section>\n\t\t\t\t\t<\/div>\n\t\t<\/div>\n\t\t\t\t\t<\/div>\n\t\t<\/section>\n\t\t\t\t<\/div>\n\t\t","protected":false},"excerpt":{"rendered":"<p>KURUMSAL BTSO &#8211; Bursa Ticaret ve Sanayi Odas\u0131 T\u00dcMKAD &#8211; T\u00fcm M\u00fchendis Kad\u0131nlar Derne\u011fi KalDer &#8211; T\u00fcrkiye Kalite Derne\u011fi TMMOB &#8211; \u00c7evre M\u00fchendisleri Odas\u0131<\/p>\n","protected":false},"author":1,"featured_media":0,"parent":406,"menu_order":0,"comment_status":"closed","ping_status":"closed","template":"","meta":{"footnotes":""},"class_list":["post-368","page","type-page","status-publish","hentry"],"_links":{"self":[{"href":"http:\/\/cevre-yapi.com\/tr\/wp-json\/wp\/v2\/pages\/368","targetHints":{"allow":["GET"]}}],"collection":[{"href":"http:\/\/cevre-yapi.com\/tr\/wp-json\/wp\/v2\/pages"}],"about":[{"href":"http:\/\/cevre-yapi.com\/tr\/wp-json\/wp\/v2\/types\/page"}],"author":[{"embeddable":true,"href":"http:\/\/cevre-yapi.com\/tr\/wp-json\/wp\/v2\/users\/1"}],"replies":[{"embeddable":true,"href":"http:\/\/cevre-yapi.com\/tr\/wp-json\/wp\/v2\/comments?post=368"}],"version-history":[{"count":0,"href":"http:\/\/cevre-yapi.com\/tr\/wp-json\/wp\/v2\/pages\/368\/revisions"}],"up":[{"embeddable":true,"href":"http:\/\/cevre-yapi.com\/tr\/wp-json\/wp\/v2\/pages\/406"}],"wp:attachment":[{"href":"http:\/\/cevre-yapi.com\/tr\/wp-json\/wp\/v2\/media?parent=368"}],"curies":[{"name":"wp","href":"https:\/\/api.w.org\/{rel}","templated":true}]}}