{"id":1884,"date":"2024-11-11T14:35:41","date_gmt":"2024-11-11T11:35:41","guid":{"rendered":"https:\/\/cevre-yapi.com\/?page_id=1884"},"modified":"2024-11-11T14:38:50","modified_gmt":"2024-11-11T11:38:50","slug":"projects-table","status":"publish","type":"page","link":"https:\/\/cevre-yapi.com\/en\/projects-table\/","title":{"rendered":"Projects Table"},"content":{"rendered":"<div data-elementor-type=\"wp-page\" data-elementor-id=\"1884\" class=\"elementor elementor-1884\" data-elementor-post-type=\"page\">\n\t\t\t\t\t\t<section class=\"elementor-section elementor-top-section elementor-element elementor-element-93d6454 elementor-section-boxed elementor-section-height-default elementor-section-height-default\" data-id=\"93d6454\" data-element_type=\"section\" data-settings=\"{&quot;jet_parallax_layout_list&quot;:[]}\">\n\t\t\t\t\t\t<div class=\"elementor-container elementor-column-gap-default\">\n\t\t\t\t\t<div class=\"elementor-column elementor-col-100 elementor-top-column elementor-element elementor-element-d9be250\" data-id=\"d9be250\" data-element_type=\"column\">\n\t\t\t<div class=\"elementor-widget-wrap elementor-element-populated\">\n\t\t\t\t\t\t<section class=\"elementor-section elementor-inner-section elementor-element elementor-element-6379a85 elementor-section-boxed elementor-section-height-default elementor-section-height-default\" data-id=\"6379a85\" data-element_type=\"section\" data-settings=\"{&quot;jet_parallax_layout_list&quot;:[]}\">\n\t\t\t\t\t\t<div class=\"elementor-container elementor-column-gap-default\">\n\t\t\t\t\t<div class=\"elementor-column elementor-col-100 elementor-inner-column elementor-element elementor-element-791d418\" data-id=\"791d418\" data-element_type=\"column\">\n\t\t\t<div class=\"elementor-widget-wrap elementor-element-populated\">\n\t\t\t\t\t\t<div class=\"elementor-element elementor-element-15480e1 elementor-widget elementor-widget-heading\" data-id=\"15480e1\" data-element_type=\"widget\" data-widget_type=\"heading.default\">\n\t\t\t\t<div class=\"elementor-widget-container\">\n\t\t\t\t\t<h5 class=\"elementor-heading-title elementor-size-default\">DISCOVER PROJECTS<\/h5>\t\t\t\t<\/div>\n\t\t\t\t<\/div>\n\t\t\t\t<div class=\"elementor-element elementor-element-32e9aeb elementor-widget elementor-widget-heading\" data-id=\"32e9aeb\" data-element_type=\"widget\" data-widget_type=\"heading.default\">\n\t\t\t\t<div class=\"elementor-widget-container\">\n\t\t\t\t\t<h1 class=\"elementor-heading-title elementor-size-default\">The Great Things We Do<\/h1>\t\t\t\t<\/div>\n\t\t\t\t<\/div>\n\t\t\t\t\t<\/div>\n\t\t<\/div>\n\t\t\t\t\t<\/div>\n\t\t<\/section>\n\t\t\t\t<div class=\"elementor-element elementor-element-5b2a940 elementor-widget elementor-widget-jet-dynamic-table\" data-id=\"5b2a940\" data-element_type=\"widget\" id=\"all-projects\" data-widget_type=\"jet-dynamic-table.default\">\n\t\t\t\t<div class=\"elementor-widget-container\">\n\t\t\t\t\t<style><\/style><div class=\"jet-dynamic-table-wrapper\"><table class=\"jet-dynamic-table\" data-table-id=\"13\" data-query-id=\"1\"><thead class=\"jet-dynamic-table__header\"><tr class=\"jet-dynamic-table__row jet-dynamic-table__row--header\" ><th class=\"jet-dynamic-table__col jet-dynamic-table__col--tarh\" style=\"width:80px; min-width:80px;vertical-align:middle;text-align:center;\">HISTORY<\/th><th class=\"jet-dynamic-table__col jet-dynamic-table__col--konum\" style=\"width:120px; min-width:120px;vertical-align:middle;text-align:center;\">LOCATION<\/th><th class=\"jet-dynamic-table__col jet-dynamic-table__col--mter\" style=\"width:320px; min-width:320px;vertical-align:middle;text-align:left;\">CUSTOMER<\/th><th class=\"jet-dynamic-table__col jet-dynamic-table__col--atiksuntel\" style=\"width:150px; min-width:150px;vertical-align:middle;text-align:center;\">WASTEWATER QUALITY<\/th><th class=\"jet-dynamic-table__col jet-dynamic-table__col--kapsami\" style=\"width:150px; min-width:150px;vertical-align:middle;text-align:center;\">SCOPE OF WORK<\/th><th class=\"jet-dynamic-table__col jet-dynamic-table__col--proses\" style=\"width:250px; min-width:250px;vertical-align:middle;text-align:center;\">PROCESS<\/th><th class=\"jet-dynamic-table__col jet-dynamic-table__col--kapaste\" style=\"width:75px; min-width:75px;vertical-align:middle;text-align:center;\">CAPACITY<\/th><\/tr><\/thead><tbody class=\"jet-dynamic-table__body\"><tr class=\"jet-dynamic-table__row jet-dynamic-table__row--header\" data-item-object=\"3253\"><td class=\"jet-dynamic-table__col jet-dynamic-table__col--tarh\" style=\"width:80px; min-width:80px;vertical-align:middle;text-align:center;\">2025<\/td><td class=\"jet-dynamic-table__col jet-dynamic-table__col--konum\" style=\"width:120px; min-width:120px;vertical-align:middle;text-align:center;\">ANKARA<\/td><td class=\"jet-dynamic-table__col jet-dynamic-table__col--mter\" style=\"width:320px; min-width:320px;vertical-align:middle;text-align:left;\">ASO 2ND AND 3RD ORGANIZED INDUSTRIAL ZONE<\/td><td class=\"jet-dynamic-table__col jet-dynamic-table__col--atiksuntel\" style=\"width:150px; min-width:150px;vertical-align:middle;text-align:center;\"><\/td><td class=\"jet-dynamic-table__col jet-dynamic-table__col--kapsami\" style=\"width:150px; min-width:150px;vertical-align:middle;text-align:center;\"><\/td><td class=\"jet-dynamic-table__col jet-dynamic-table__col--proses\" style=\"width:250px; min-width:250px;vertical-align:middle;text-align:center;\">PHYSICAL+CHEMICAL+BIOLOGICAL+SLUDGE DEWATERING<\/td><td class=\"jet-dynamic-table__col jet-dynamic-table__col--kapaste\" style=\"width:75px; min-width:75px;vertical-align:middle;text-align:center;\">5000 M3\/DAY<\/td><\/tr><tr class=\"jet-dynamic-table__row jet-dynamic-table__row--header\" data-item-object=\"3255\"><td class=\"jet-dynamic-table__col jet-dynamic-table__col--tarh\" style=\"width:80px; min-width:80px;vertical-align:middle;text-align:center;\">2025<\/td><td class=\"jet-dynamic-table__col jet-dynamic-table__col--konum\" style=\"width:120px; min-width:120px;vertical-align:middle;text-align:center;\">ANKARA<\/td><td class=\"jet-dynamic-table__col jet-dynamic-table__col--mter\" style=\"width:320px; min-width:320px;vertical-align:middle;text-align:left;\">ANKARA ANADOLU ORGANIZED INDUSTRIAL ZONE<\/td><td class=\"jet-dynamic-table__col jet-dynamic-table__col--atiksuntel\" style=\"width:150px; min-width:150px;vertical-align:middle;text-align:center;\"><\/td><td class=\"jet-dynamic-table__col jet-dynamic-table__col--kapsami\" style=\"width:150px; min-width:150px;vertical-align:middle;text-align:center;\"><\/td><td class=\"jet-dynamic-table__col jet-dynamic-table__col--proses\" style=\"width:250px; min-width:250px;vertical-align:middle;text-align:center;\">PHYSICAL+CHEMICAL+BIOLOGICAL+SLUDGE DEWATERING<\/td><td class=\"jet-dynamic-table__col jet-dynamic-table__col--kapaste\" style=\"width:75px; min-width:75px;vertical-align:middle;text-align:center;\">5000 M3\/DAY<\/td><\/tr><tr class=\"jet-dynamic-table__row jet-dynamic-table__row--header\" data-item-object=\"2610\"><td class=\"jet-dynamic-table__col jet-dynamic-table__col--tarh\" style=\"width:80px; min-width:80px;vertical-align:middle;text-align:center;\">2024<\/td><td class=\"jet-dynamic-table__col jet-dynamic-table__col--konum\" style=\"width:120px; min-width:120px;vertical-align:middle;text-align:center;\">SAKARYA<\/td><td class=\"jet-dynamic-table__col jet-dynamic-table__col--mter\" style=\"width:320px; min-width:320px;vertical-align:middle;text-align:left;\">ANADOLU ISUZU OTOMOTI\u0307V SANAYII\u0307 VE TI\u0307CARET A.\u015e.<\/td><td class=\"jet-dynamic-table__col jet-dynamic-table__col--atiksuntel\" style=\"width:150px; min-width:150px;vertical-align:middle;text-align:center;\"><\/td><td class=\"jet-dynamic-table__col jet-dynamic-table__col--kapsami\" style=\"width:150px; min-width:150px;vertical-align:middle;text-align:center;\"><\/td><td class=\"jet-dynamic-table__col jet-dynamic-table__col--proses\" style=\"width:250px; min-width:250px;vertical-align:middle;text-align:center;\">PHYSICAL+CHEMICAL+BIOLOGICAL+SLUDGE DEWATERING<\/td><td class=\"jet-dynamic-table__col jet-dynamic-table__col--kapaste\" style=\"width:75px; min-width:75px;vertical-align:middle;text-align:center;\">540 M3\/DAY<\/td><\/tr><tr class=\"jet-dynamic-table__row jet-dynamic-table__row--header\" data-item-object=\"2611\"><td class=\"jet-dynamic-table__col jet-dynamic-table__col--tarh\" style=\"width:80px; min-width:80px;vertical-align:middle;text-align:center;\">2024<\/td><td class=\"jet-dynamic-table__col jet-dynamic-table__col--konum\" style=\"width:120px; min-width:120px;vertical-align:middle;text-align:center;\">MERSIN<\/td><td class=\"jet-dynamic-table__col jet-dynamic-table__col--mter\" style=\"width:320px; min-width:320px;vertical-align:middle;text-align:left;\">GENERAL DIRECTORATE OF MERSIN WATER AND CANALIZATION ADMINISTRATION SI\u0307PAHI\u0307LI DISTRICT WASTEWATER TREATMENT PLANT<\/td><td class=\"jet-dynamic-table__col jet-dynamic-table__col--atiksuntel\" style=\"width:150px; min-width:150px;vertical-align:middle;text-align:center;\"><\/td><td class=\"jet-dynamic-table__col jet-dynamic-table__col--kapsami\" style=\"width:150px; min-width:150px;vertical-align:middle;text-align:center;\"><\/td><td class=\"jet-dynamic-table__col jet-dynamic-table__col--proses\" style=\"width:250px; min-width:250px;vertical-align:middle;text-align:center;\">PHYSICAL+BIOLOGICAL<\/td><td class=\"jet-dynamic-table__col jet-dynamic-table__col--kapaste\" style=\"width:75px; min-width:75px;vertical-align:middle;text-align:center;\">600 M3\/DAY<\/td><\/tr><tr class=\"jet-dynamic-table__row jet-dynamic-table__row--header\" data-item-object=\"2612\"><td class=\"jet-dynamic-table__col jet-dynamic-table__col--tarh\" style=\"width:80px; min-width:80px;vertical-align:middle;text-align:center;\">2024<\/td><td class=\"jet-dynamic-table__col jet-dynamic-table__col--konum\" style=\"width:120px; min-width:120px;vertical-align:middle;text-align:center;\">MERSIN<\/td><td class=\"jet-dynamic-table__col jet-dynamic-table__col--mter\" style=\"width:320px; min-width:320px;vertical-align:middle;text-align:left;\">MERSIN WATER AND CANALIZATION AUTHORITY GENERAL DIRECTORATE FINDIKPINARI NEIGHBORHOOD WASTEWATER TREATMENT PLANT<\/td><td class=\"jet-dynamic-table__col jet-dynamic-table__col--atiksuntel\" style=\"width:150px; min-width:150px;vertical-align:middle;text-align:center;\"><\/td><td class=\"jet-dynamic-table__col jet-dynamic-table__col--kapsami\" style=\"width:150px; min-width:150px;vertical-align:middle;text-align:center;\"><\/td><td class=\"jet-dynamic-table__col jet-dynamic-table__col--proses\" style=\"width:250px; min-width:250px;vertical-align:middle;text-align:center;\">PHYSICAL+BIOLOGICAL<\/td><td class=\"jet-dynamic-table__col jet-dynamic-table__col--kapaste\" style=\"width:75px; min-width:75px;vertical-align:middle;text-align:center;\">900 M3\/DAY<\/td><\/tr><tr class=\"jet-dynamic-table__row jet-dynamic-table__row--header\" data-item-object=\"2613\"><td class=\"jet-dynamic-table__col jet-dynamic-table__col--tarh\" style=\"width:80px; min-width:80px;vertical-align:middle;text-align:center;\">2024<\/td><td class=\"jet-dynamic-table__col jet-dynamic-table__col--konum\" style=\"width:120px; min-width:120px;vertical-align:middle;text-align:center;\">D\u00dcZCE<\/td><td class=\"jet-dynamic-table__col jet-dynamic-table__col--mter\" style=\"width:320px; min-width:320px;vertical-align:middle;text-align:left;\">NOBEL PHARMACEUTICAL<\/td><td class=\"jet-dynamic-table__col jet-dynamic-table__col--atiksuntel\" style=\"width:150px; min-width:150px;vertical-align:middle;text-align:center;\"><\/td><td class=\"jet-dynamic-table__col jet-dynamic-table__col--kapsami\" style=\"width:150px; min-width:150px;vertical-align:middle;text-align:center;\"><\/td><td class=\"jet-dynamic-table__col jet-dynamic-table__col--proses\" style=\"width:250px; min-width:250px;vertical-align:middle;text-align:center;\">CHEMICAL+MUD DEWATERING<\/td><td class=\"jet-dynamic-table__col jet-dynamic-table__col--kapaste\" style=\"width:75px; min-width:75px;vertical-align:middle;text-align:center;\">10 M3\/DAY<\/td><\/tr><tr class=\"jet-dynamic-table__row jet-dynamic-table__row--header\" data-item-object=\"2624\"><td class=\"jet-dynamic-table__col jet-dynamic-table__col--tarh\" style=\"width:80px; min-width:80px;vertical-align:middle;text-align:center;\">2024<\/td><td class=\"jet-dynamic-table__col jet-dynamic-table__col--konum\" style=\"width:120px; min-width:120px;vertical-align:middle;text-align:center;\">ANKARA<\/td><td class=\"jet-dynamic-table__col jet-dynamic-table__col--mter\" style=\"width:320px; min-width:320px;vertical-align:middle;text-align:left;\">ASO 2ND AND 3RD ORGANIZED INDUSTRIAL ZONE 2ND STAGE 2ND SECTION WASTEWATER TREATMENT PLANT<\/td><td class=\"jet-dynamic-table__col jet-dynamic-table__col--atiksuntel\" style=\"width:150px; min-width:150px;vertical-align:middle;text-align:center;\"><\/td><td class=\"jet-dynamic-table__col jet-dynamic-table__col--kapsami\" style=\"width:150px; min-width:150px;vertical-align:middle;text-align:center;\"><\/td><td class=\"jet-dynamic-table__col jet-dynamic-table__col--proses\" style=\"width:250px; min-width:250px;vertical-align:middle;text-align:center;\">PHYSICAL+CHEMICAL+BIOLOGICAL+SLUDGE DEWATERING<\/td><td class=\"jet-dynamic-table__col jet-dynamic-table__col--kapaste\" style=\"width:75px; min-width:75px;vertical-align:middle;text-align:center;\">5000 M3\/DAY<\/td><\/tr><tr class=\"jet-dynamic-table__row jet-dynamic-table__row--header\" data-item-object=\"2614\"><td class=\"jet-dynamic-table__col jet-dynamic-table__col--tarh\" style=\"width:80px; min-width:80px;vertical-align:middle;text-align:center;\">2024<\/td><td class=\"jet-dynamic-table__col jet-dynamic-table__col--konum\" style=\"width:120px; min-width:120px;vertical-align:middle;text-align:center;\">GAZIANTEP<\/td><td class=\"jet-dynamic-table__col jet-dynamic-table__col--mter\" style=\"width:320px; min-width:320px;vertical-align:middle;text-align:left;\">KARA HOLDING<\/td><td class=\"jet-dynamic-table__col jet-dynamic-table__col--atiksuntel\" style=\"width:150px; min-width:150px;vertical-align:middle;text-align:center;\"><\/td><td class=\"jet-dynamic-table__col jet-dynamic-table__col--kapsami\" style=\"width:150px; min-width:150px;vertical-align:middle;text-align:center;\"><\/td><td class=\"jet-dynamic-table__col jet-dynamic-table__col--proses\" style=\"width:250px; min-width:250px;vertical-align:middle;text-align:center;\">CHEMICAL+MUD DEWATERING<\/td><td class=\"jet-dynamic-table__col jet-dynamic-table__col--kapaste\" style=\"width:75px; min-width:75px;vertical-align:middle;text-align:center;\">60 M3\/DAY<\/td><\/tr><tr class=\"jet-dynamic-table__row jet-dynamic-table__row--header\" data-item-object=\"2615\"><td class=\"jet-dynamic-table__col jet-dynamic-table__col--tarh\" style=\"width:80px; min-width:80px;vertical-align:middle;text-align:center;\">2024<\/td><td class=\"jet-dynamic-table__col jet-dynamic-table__col--konum\" style=\"width:120px; min-width:120px;vertical-align:middle;text-align:center;\">ROMANIA<\/td><td class=\"jet-dynamic-table__col jet-dynamic-table__col--mter\" style=\"width:320px; min-width:320px;vertical-align:middle;text-align:left;\">BEY\u00c7ELI\u0307K GESTAMP<\/td><td class=\"jet-dynamic-table__col jet-dynamic-table__col--atiksuntel\" style=\"width:150px; min-width:150px;vertical-align:middle;text-align:center;\"><\/td><td class=\"jet-dynamic-table__col jet-dynamic-table__col--kapsami\" style=\"width:150px; min-width:150px;vertical-align:middle;text-align:center;\"><\/td><td class=\"jet-dynamic-table__col jet-dynamic-table__col--proses\" style=\"width:250px; min-width:250px;vertical-align:middle;text-align:center;\">CHEMICAL+MUD DEWATERING<\/td><td class=\"jet-dynamic-table__col jet-dynamic-table__col--kapaste\" style=\"width:75px; min-width:75px;vertical-align:middle;text-align:center;\">96 M3\/DAY<\/td><\/tr><tr class=\"jet-dynamic-table__row jet-dynamic-table__row--header\" data-item-object=\"2616\"><td class=\"jet-dynamic-table__col jet-dynamic-table__col--tarh\" style=\"width:80px; min-width:80px;vertical-align:middle;text-align:center;\">2024<\/td><td class=\"jet-dynamic-table__col jet-dynamic-table__col--konum\" style=\"width:120px; min-width:120px;vertical-align:middle;text-align:center;\">SAKARYA<\/td><td class=\"jet-dynamic-table__col jet-dynamic-table__col--mter\" style=\"width:320px; min-width:320px;vertical-align:middle;text-align:left;\">T\u00dcRK TRACTOR ERENLER SAKARYA FACTORY<\/td><td class=\"jet-dynamic-table__col jet-dynamic-table__col--atiksuntel\" style=\"width:150px; min-width:150px;vertical-align:middle;text-align:center;\"><\/td><td class=\"jet-dynamic-table__col jet-dynamic-table__col--kapsami\" style=\"width:150px; min-width:150px;vertical-align:middle;text-align:center;\"><\/td><td class=\"jet-dynamic-table__col jet-dynamic-table__col--proses\" style=\"width:250px; min-width:250px;vertical-align:middle;text-align:center;\">CHEMICAL+MUD DEWATERING<\/td><td class=\"jet-dynamic-table__col jet-dynamic-table__col--kapaste\" style=\"width:75px; min-width:75px;vertical-align:middle;text-align:center;\">120 M3\/DAY<\/td><\/tr><tr class=\"jet-dynamic-table__row jet-dynamic-table__row--header\" data-item-object=\"2608\"><td class=\"jet-dynamic-table__col jet-dynamic-table__col--tarh\" style=\"width:80px; min-width:80px;vertical-align:middle;text-align:center;\">2024<\/td><td class=\"jet-dynamic-table__col jet-dynamic-table__col--konum\" style=\"width:120px; min-width:120px;vertical-align:middle;text-align:center;\">GAZIANTEP<\/td><td class=\"jet-dynamic-table__col jet-dynamic-table__col--mter\" style=\"width:320px; min-width:320px;vertical-align:middle;text-align:left;\">AKINAL SYNTHETIC TEXTILE SAN. VE TI\u0307C. A.\u015e.<\/td><td class=\"jet-dynamic-table__col jet-dynamic-table__col--atiksuntel\" style=\"width:150px; min-width:150px;vertical-align:middle;text-align:center;\"><\/td><td class=\"jet-dynamic-table__col jet-dynamic-table__col--kapsami\" style=\"width:150px; min-width:150px;vertical-align:middle;text-align:center;\"><\/td><td class=\"jet-dynamic-table__col jet-dynamic-table__col--proses\" style=\"width:250px; min-width:250px;vertical-align:middle;text-align:center;\">PHYSICAL+CHEMICAL+BIOLOGICAL+SLUDGE DEWATERING<\/td><td class=\"jet-dynamic-table__col jet-dynamic-table__col--kapaste\" style=\"width:75px; min-width:75px;vertical-align:middle;text-align:center;\">4000 M3\/DAY<\/td><\/tr><tr class=\"jet-dynamic-table__row jet-dynamic-table__row--header\" data-item-object=\"2609\"><td class=\"jet-dynamic-table__col jet-dynamic-table__col--tarh\" style=\"width:80px; min-width:80px;vertical-align:middle;text-align:center;\">2024<\/td><td class=\"jet-dynamic-table__col jet-dynamic-table__col--konum\" style=\"width:120px; min-width:120px;vertical-align:middle;text-align:center;\">ANKARA<\/td><td class=\"jet-dynamic-table__col jet-dynamic-table__col--mter\" style=\"width:320px; min-width:320px;vertical-align:middle;text-align:left;\">ANKARA SPACE AVIATION<\/td><td class=\"jet-dynamic-table__col jet-dynamic-table__col--atiksuntel\" style=\"width:150px; min-width:150px;vertical-align:middle;text-align:center;\"><\/td><td class=\"jet-dynamic-table__col jet-dynamic-table__col--kapsami\" style=\"width:150px; min-width:150px;vertical-align:middle;text-align:center;\"><\/td><td class=\"jet-dynamic-table__col jet-dynamic-table__col--proses\" style=\"width:250px; min-width:250px;vertical-align:middle;text-align:center;\">PHYSICAL+CHEMICAL+BIOLOGICAL+SLUDGE DEWATERING<\/td><td class=\"jet-dynamic-table__col jet-dynamic-table__col--kapaste\" style=\"width:75px; min-width:75px;vertical-align:middle;text-align:center;\">4000 M3\/DAY<\/td><\/tr><\/tbody><\/table><\/div>\t\t\t\t<\/div>\n\t\t\t\t<\/div>\n\t\t\t\t<div class=\"elementor-element elementor-element-6b46713 elementor-widget elementor-widget-jet-smart-filters-pagination\" data-id=\"6b46713\" data-element_type=\"widget\" data-widget_type=\"jet-smart-filters-pagination.default\">\n\t\t\t\t<div class=\"elementor-widget-container\">\n\t\t\t\t\t<div\n\t\t\t\tclass=\"jet-smart-filters-pagination jet-filter\"\n\t\t\t\tdata-apply-provider=\"jet-data-table\"\n\t\t\t\tdata-content-provider=\"jet-data-table\"\n\t\t\t\tdata-query-id=\"all-projects\"\n\t\t\t\tdata-controls=\"{&quot;items_enabled&quot;:true,&quot;pages_mid_size&quot;:0,&quot;pages_end_size&quot;:0,&quot;nav_enabled&quot;:true,&quot;prev&quot;:&quot;Prev&quot;,&quot;next&quot;:&quot;Next&quot;,&quot;hide_inactive_nav&quot;:true,&quot;load_more_enabled&quot;:false,&quot;provider_top_offset&quot;:0}\"\n\t\t\t\tdata-apply-type=\"ajax\"\n\t\t\t><\/div>\t\t\t\t<\/div>\n\t\t\t\t<\/div>\n\t\t\t\t\t<\/div>\n\t\t<\/div>\n\t\t\t\t\t<\/div>\n\t\t<\/section>\n\t\t\t\t<\/div>","protected":false},"excerpt":{"rendered":"<p>Projeler\u0130 kE\u015eFED\u0130N Yapt\u0131\u011f\u0131m\u0131z Harika \u0130\u015fler TAR\u0130H KONUM M\u00dc\u015eTER\u0130 ATIKSU N\u0130TEL\u0130\u011e\u0130 \u0130\u015e KAPSAMI PROSES KAPAS\u0130TE 2024 Mersin Mersi\u0307n Su Ve Kanali\u0307zasyon I\u0307daresi\u0307 Genel M\u00fcd\u00fcrl\u00fc\u011f\u00fc Findikpinari Mahallesi\u0307 Atiksu Aritma Tesi\u0307si\u0307 \u0130n\u015faat\/Mekani\u0307k\/Elektri\u0307k Fi\u0307zi\u0307ksel+Bi\u0307yoloji\u0307k 2024 D\u00fczce Nobel I\u0307la\u00e7 D\u00fczce Mekani\u0307k\/Elektri\u0307k Ki\u0307myasal Aritma+Fi\u0307ltrasyon Si\u0307stemi\u0307+\u00c7amur Susuzla\u015ftirma 10 M3 G\u00fcn 2022 Yalova Yalova I\u0307mes Osb Mekani\u0307k\/Elektri\u0307k Fi\u0307zi\u0307ksel+Bi\u0307yoloji\u0307k+\u00c7amursusuzla\u015ftirma 195 M3G\u00fcn 2022 Deni\u0307z Su [&hellip;]<\/p>","protected":false},"author":1,"featured_media":0,"parent":0,"menu_order":0,"comment_status":"closed","ping_status":"closed","template":"","meta":{"footnotes":""},"class_list":["post-1884","page","type-page","status-publish","hentry"],"_links":{"self":[{"href":"https:\/\/cevre-yapi.com\/en\/wp-json\/wp\/v2\/pages\/1884","targetHints":{"allow":["GET"]}}],"collection":[{"href":"https:\/\/cevre-yapi.com\/en\/wp-json\/wp\/v2\/pages"}],"about":[{"href":"https:\/\/cevre-yapi.com\/en\/wp-json\/wp\/v2\/types\/page"}],"author":[{"embeddable":true,"href":"https:\/\/cevre-yapi.com\/en\/wp-json\/wp\/v2\/users\/1"}],"replies":[{"embeddable":true,"href":"https:\/\/cevre-yapi.com\/en\/wp-json\/wp\/v2\/comments?post=1884"}],"version-history":[{"count":0,"href":"https:\/\/cevre-yapi.com\/en\/wp-json\/wp\/v2\/pages\/1884\/revisions"}],"wp:attachment":[{"href":"https:\/\/cevre-yapi.com\/en\/wp-json\/wp\/v2\/media?parent=1884"}],"curies":[{"name":"wp","href":"https:\/\/api.w.org\/{rel}","templated":true}]}}